{"id":1311,"date":"2025-07-31T19:44:48","date_gmt":"2025-07-31T17:44:48","guid":{"rendered":"https:\/\/refridj.com\/?page_id=1311"},"modified":"2025-09-30T16:06:18","modified_gmt":"2025-09-30T14:06:18","slug":"privacy-policy","status":"publish","type":"page","link":"https:\/\/refridj.com\/en\/privacy-policy\/","title":{"rendered":"Privacy Policy"},"content":{"rendered":"<p class=\"has-theme-palette-2-color has-text-color has-link-color wp-elements-9b8ec40bd8625d61299952633c1eb3df\">La presente Informativa Privacy si riferisce esclusivamente al sito: <a href=\"https:\/\/refridj.com\/en\/\">https:\/\/refridj.com\/<\/a><br><em><em>Questa Informativa Privacy \u00e8 aggiornata al 30\/09\/2025<\/em><\/em><\/p>\n\n\n\n<h2 class=\"wp-block-heading has-theme-palette-2-color has-text-color has-link-color wp-elements-341d489fd3460b0813335eeaa6978edd\"><strong>Finalit\u00e0 del trattamento<\/strong><\/h2>\n\n\n\n<p class=\"has-theme-palette-2-color has-text-color has-link-color wp-elements-8d0d43d222d0c63628e9f4c99a3fa794\">Il trattamento dei dati raccolti dal sito, oltre alle finalit\u00e0 connesse, strumentali e necessarie alla fornitura del servizio, \u00e8 volto alla raccolta di dati e informazioni al fine di verificare il corretto funzionamento del sito, al fine di tutelare la sicurezza del sito (filtri antispam, firewall, rilevazione virus) e dei visitatori.<\/p>\n\n\n\n<h2 class=\"wp-block-heading has-theme-palette-2-color has-text-color has-link-color wp-elements-acc80a6b5757b497d2630b18bf46a5d8\">Quali dati personali raccogliamo e perch\u00e9 li raccogliamo<\/h2>\n\n\n\n<h3 class=\"wp-block-heading has-theme-palette-2-color has-text-color has-link-color wp-elements-43f1427c290282d0591e4dab1ad3fc91\">Moduli di contatto<\/h3>\n\n\n\n<p class=\"has-theme-palette-2-color has-text-color has-link-color wp-elements-199165ebdb89cd9c83e5b284e8d3d55e\">Compilando il modulo di contatto il visitatore:<\/p>\n\n\n\n<ul class=\"wp-block-list\">\n<li class=\"has-theme-palette-2-color has-text-color has-link-color wp-elements-1dd05ddd8cc6054dbcc27d48a9cc1f41\">comunica il proprio nome;<\/li>\n\n\n\n<li class=\"has-theme-palette-2-color has-text-color has-link-color wp-elements-983dcba6c9f1eadafe0010e8377e4b8d\">comunica l\u2019indirizzo e-mail al quale vuole essere contattato;<\/li>\n\n\n\n<li class=\"has-theme-palette-2-color has-text-color has-link-color wp-elements-dc46c79f3f472d4a430bb882b1640a71\">scrive un messaggio da inviare.<\/li>\n<\/ul>\n\n\n\n<p class=\"has-theme-palette-2-color has-text-color has-link-color wp-elements-6ced52e3dbc6d01f9c1a232f4994691e\">Il nome, l\u2019indirizzo e-mail indicato dal visitatore al momento della compilazione del modulo di contatto e le informazioni inserite dall\u2019utente nel corpo del messaggio sono utilizzati esclusivamente per rispondere alla richiesta dell\u2019utente stesso.<\/p>\n\n\n\n<h3 class=\"wp-block-heading has-theme-palette-2-color has-text-color has-link-color wp-elements-e6818cc8980a49cab87f74d31c3249f6\">Cookie<\/h3>\n\n\n\n<p class=\"has-theme-palette-2-color has-text-color has-link-color wp-elements-200ee1a993a7bdc0d23a77cd1eb27454\">I cookies sono piccoli file di testo che i siti visitati inviano al terminale del visitatore, dove vengono memorizzati, per poi essere ritrasmessi agli stessi siti alla visita successiva.<\/p>\n\n\n\n<p class=\"has-theme-palette-2-color has-text-color has-link-color wp-elements-4d765c8a9284f79e10c888d55f4e2767\">Questo sito utilizza:<\/p>\n\n\n\n<ol class=\"wp-block-list has-theme-palette-2-color has-text-color has-link-color wp-elements-dfae2a1e9c6247763a10fce1271778f6\">\n<li>cookie di sessione il cui utilizzo non \u00e8 strumentale alla raccolta di dati personali identificativi del visitatore, essendo limitato alla sola trasmissione di dati identificativi di sessione nella forma di numeri generati automaticamente dal server. I cookie di sessione non sono memorizzati in modo persistente sul dispositivo del visitatore e sono cancellati automaticamente alla chiusura del browser.<\/li>\n\n\n\n<li>cookie analytics utilizzati per raccogliere informazioni, in forma aggregata, sul numero dei visitatori e su come gli stessi visitano il Sito.&nbsp;I dati sono raccolti all\u2019unico fine di elaborare informazioni statistiche anonime sull\u2019uso del Sito e per verificare il corretto funzionamento dello stesso; i dati di navigazione potrebbero essere utilizzati in vista dell\u2019identificazione dell\u2019utente solo nel caso in cui ci\u00f2 fosse necessario per l\u2019accertamento di reati di natura informatica.<\/li>\n\n\n\n<li>cookie di terze parti; visitando il presente sito web si potrebbero ricevere cookie da siti gestiti da altre organizzazioni (&#8220;terze parti&#8221;). Un esempio \u00e8 rappresentato dalla presenza di sistemi di visualizzazione di contenuti multimediali embedded (integrati) come ad esempio YouTube. Si tratta di parti generate direttamente dai suddetti siti ed integrati nella pagina web del sito ospitante visitato. La presenza di questi plugin comporta la trasmissione di cookie da e verso tutti i siti gestiti da terze parti. La disattivazione non compromette l&#8217;utilizzo del sito, se non nelle sezioni in cui possono essere installati widget (ad esempio per integrazione di video o mappe). La gestione delle informazioni raccolte da &#8220;terze parti&#8221; \u00e8 disciplinata dalle relative informative cui si prega di fare riferimento. La responsabilit\u00e0 e gestione dei cookie di terza parte ricade sui rispettivi proprietari e gestori i quali devono offrire adeguati meccanismi di rifiuto nelle proprie informative privacy. Per garantire una maggiore trasparenza e comodit\u00e0, si riportano qui di seguito gli indirizzi web delle diverse informative e delle modalit\u00e0 per la gestione dei cookie.\n<ul class=\"wp-block-list\">\n<li><a href=\"https:\/\/policies.google.com\/privacy\" target=\"_blank\" rel=\"noopener\">YouTube<\/a><\/li>\n\n\n\n<li><a href=\"https:\/\/policies.google.com\/technologies\/cookies?hl=it\" target=\"_blank\" rel=\"noopener\">Google Maps<\/a><\/li>\n<\/ul>\n<\/li>\n<\/ol>\n\n\n\n<h3 class=\"wp-block-heading has-theme-palette-2-color has-text-color has-link-color wp-elements-a265c2aa15d3ce5d39d640686811e332\">Disabilitare i Cookie<\/h3>\n\n\n\n<p class=\"has-theme-palette-2-color has-text-color has-link-color wp-elements-f9e25921adfd04d1e9e524b25e90455d\">Puoi scegliere di abilitare o disabilitare i cookie intervenendo sulle impostazioni del tuo browser di navigazione secondo le istruzioni rese disponibili dai relativi fornitori, ai link di seguito indicati:<\/p>\n\n\n\n<ul class=\"wp-block-list\">\n<li><a href=\"https:\/\/support.google.com\/chrome\/answer\/95647?hl=eng\" target=\"_blank\" rel=\"noopener\">Chrome<\/a><\/li>\n\n\n\n<li><a href=\"https:\/\/support.mozilla.org\/it\/kb\/Gestione%20dei%20cookie#w_impostazioni-dei-cookie\" target=\"_blank\" rel=\"noopener\">Firefox<\/a><\/li>\n\n\n\n<li><a href=\"https:\/\/support.apple.com\/it-it\/105082\" target=\"_blank\" rel=\"noopener\">Safari<\/a><\/li>\n\n\n\n<li><a href=\"https:\/\/support.microsoft.com\/it-it\/windows\/gestire-i-cookie-in-microsoft-edge-visualizzare-consentire-bloccare-eliminare-e-usare-168dab11-0753-043d-7c16-ede5947fc64d\" target=\"_blank\" rel=\"noopener\">Microsoft Edge<\/a><\/li>\n\n\n\n<li><a href=\"https:\/\/help.opera.com\/en\/latest\/web-preferences\/\" target=\"_blank\" rel=\"noopener\">Opera<\/a><\/li>\n<\/ul>\n\n\n\n<h2 class=\"wp-block-heading has-theme-palette-2-color has-text-color has-link-color wp-elements-eafe9e3d72c51d806c92a1adfa492582\">Per quanto tempo conserviamo i tuoi dati<\/h2>\n\n\n\n<p class=\"has-theme-palette-2-color has-text-color has-link-color wp-elements-6e2e8b40af3a3c583114157edb02e28f\">Le informazioni date dal visitatore con la compilazione del modulo di contatto (nome, indirizzo e-mail, testo del messaggio) saranno trattati e conservati per il tempo strettamente necessario per la realizzazione della finalit\u00e0 per cui \u00e8 stato raccolto, ossia per l\u2019invio della risposta al quesito sottoposto.<\/p>\n\n\n\n<p class=\"has-theme-palette-2-color has-text-color has-link-color wp-elements-797d0e77a0bc9c67ecdc0e39e8963cce\">Per quanto riguarda i cookie, alcuni sono eliminati alla chiusura del browser (cookie di sessione), altri hanno una durata maggiore (come ad esempio il cookie necessario per conservazione il consenso dell\u2019utente in relazione all\u2019uso dei cookie, che dura 1 mese).<\/p>\n\n\n\n<h2 class=\"wp-block-heading has-theme-palette-2-color has-text-color has-link-color wp-elements-8a03bfc59420d534e4601e8646829cd1\">Con chi condividiamo i tuoi dati<\/h2>\n\n\n\n<p class=\"has-theme-palette-2-color has-text-color has-link-color wp-elements-781a649b36f887ddb7661e1100cfac1b\">Questo sito non condivide i dati raccolti con parti terze salvo sia richiesto dalla legge.<\/p>\n\n\n\n<style>\r\n.content-title-style-above .page-hero-section .entry-hero-container-inner {\r\n   background-position: 0 98% !important\r\n}\r\n\r\n.hero-section-overlay{\r\n   background: linear-gradient(180deg, #0000003d 0%, var(--global-palette1, #000000) 100%) !important\r\n}\r\n<\/style>","protected":false},"excerpt":{"rendered":"<p>La presente Informativa Privacy si riferisce esclusivamente al sito: https:\/\/refridj.com\/Questa Informativa Privacy \u00e8 aggiornata al 30\/09\/2025 Finalit\u00e0 del trattamento Il trattamento dei dati raccolti dal sito, oltre alle finalit\u00e0 connesse, strumentali e necessarie alla fornitura del servizio, \u00e8 volto alla raccolta di dati e informazioni al fine di verificare il corretto funzionamento del sito, al&#8230;<\/p>","protected":false},"author":1,"featured_media":859,"parent":0,"menu_order":0,"comment_status":"closed","ping_status":"closed","template":"","meta":{"_themeisle_gutenberg_block_has_review":false,"_kad_post_transparent":"","_kad_post_title":"","_kad_post_layout":"","_kad_post_sidebar_id":"","_kad_post_content_style":"","_kad_post_vertical_padding":"","_kad_post_feature":"","_kad_post_feature_position":"","_kad_post_header":false,"_kad_post_footer":false,"_kad_post_classname":"","footnotes":""},"class_list":["post-1311","page","type-page","status-publish","has-post-thumbnail","hentry"],"jetpack_sharing_enabled":true,"_links":{"self":[{"href":"https:\/\/refridj.com\/en\/wp-json\/wp\/v2\/pages\/1311","targetHints":{"allow":["GET"]}}],"collection":[{"href":"https:\/\/refridj.com\/en\/wp-json\/wp\/v2\/pages"}],"about":[{"href":"https:\/\/refridj.com\/en\/wp-json\/wp\/v2\/types\/page"}],"author":[{"embeddable":true,"href":"https:\/\/refridj.com\/en\/wp-json\/wp\/v2\/users\/1"}],"replies":[{"embeddable":true,"href":"https:\/\/refridj.com\/en\/wp-json\/wp\/v2\/comments?post=1311"}],"version-history":[{"count":0,"href":"https:\/\/refridj.com\/en\/wp-json\/wp\/v2\/pages\/1311\/revisions"}],"wp:featuredmedia":[{"embeddable":true,"href":"https:\/\/refridj.com\/en\/wp-json\/wp\/v2\/media\/859"}],"wp:attachment":[{"href":"https:\/\/refridj.com\/en\/wp-json\/wp\/v2\/media?parent=1311"}],"curies":[{"name":"wp","href":"https:\/\/api.w.org\/{rel}","templated":true}]}}